{"id":315,"date":"2009-06-25T15:19:57","date_gmt":"2009-06-25T14:19:57","guid":{"rendered":"http:\/\/deelo.de\/wp\/?page_id=315"},"modified":"2009-06-25T15:19:57","modified_gmt":"2009-06-25T14:19:57","slug":"regenbogenbruecke","status":"publish","type":"page","link":"http:\/\/deelo.de\/index.php\/regenbogenbruecke\/","title":{"rendered":"Regenbogenbruecke"},"content":{"rendered":"<p style=\"text-align: center;\"><img loading=\"lazy\" decoding=\"async\" class=\"aligncenter size-full wp-image-310\" title=\"rainbowbridge\" src=\"http:\/\/deelo.de\/wp\/wp-content\/uploads\/2009\/06\/rainbowbridge.jpg\" alt=\"rainbowbridge\" width=\"349\" height=\"264\" srcset=\"http:\/\/deelo.de\/wp\/wp-content\/uploads\/2009\/06\/rainbowbridge.jpg 349w, http:\/\/deelo.de\/wp\/wp-content\/uploads\/2009\/06\/rainbowbridge-300x226.jpg 300w\" sizes=\"auto, (max-width: 349px) 100vw, 349px\" \/><\/p>\n<p style=\"text-align: center;\">Eine Br\u00fccke verbindet den Himmel und die Erde.<\/p>\n<p style=\"text-align: center;\">Wegen der vielen Farben nennt man sie die Br\u00fccke des Regenbogens.<br \/>\nAuf dieser Seite der Br\u00fccke liegt ein Land mit Wiesen, H\u00fcgeln und saftigem gr\u00fcnen Gras.<br \/>\nWenn ein geliebtes Tier auf der Erde f\u00fcr immer eingeschlafen ist, <br \/>geht es zu diesem wundersch\u00f6nen Ort.<br \/>\nDort gibt es immer zu fressen und zu trinken und es ist warmes, sch\u00f6nes Fr\u00fchlingswetter.<br \/>\nDie alten und kranken Tiere sind wieder jung und gesund. <br \/>Sie spielen den ganzen Tag zusammen.<\/p>\n<p style=\"text-align: center;\">Es gibt nur eine Sache, die sie vermissen.<br \/>\nSie sind nicht mit ihren Menschen zusammen, die sie auf der Erde so geliebt haben.<br \/>\nSo rennen und spielen sie jeden Tag zusammen,<br \/> bis eines Tages pl\u00f6tzlich eines von ihnen inneh\u00e4lt und aufsieht.<br \/>\nDie Nase bebt, die Ohren stellen sich auf und die Augen werden ganz gross!<br \/>\nPl\u00f6tzlich rennt es aus der Gruppe heraus und fliegt \u00fcber das gr\u00fcne Gras.<br \/>\nDie F\u00fc\u00dfe tragen es schneller und schneller. Es hat Dich gesehen.<br \/>\nWenn Du und Dein spezieller Freund sich treffen, nimmst Du ihn in Deine Arme und h\u00e4ltst ihn fest.<br \/>\nDein Gesicht wird gek\u00fc\u00dft, wieder und wieder und <br \/>Du schaust endlich wieder in die Augen Deines geliebten Tieres, <br \/>dass so lange aus Deinem Leben verschwunden war, aber nie aus Deinem Herzen.<br \/>\nDann \u00fcberschreitet Ihr gemeinsam die Br\u00fccke des Regenbogens<br \/> und Ihr werdet nie wieder getrennt sein.<\/p>\n","protected":false},"excerpt":{"rendered":"<p>Eine Br\u00fccke verbindet den Himmel und die Erde. Wegen der vielen Farben nennt man sie die Br\u00fccke des Regenbogens. Auf dieser Seite der Br\u00fccke liegt &hellip; <\/p>\n","protected":false},"author":1,"featured_media":0,"parent":0,"menu_order":0,"comment_status":"open","ping_status":"open","template":"","meta":{"footnotes":""},"class_list":["post-315","page","type-page","status-publish","hentry"],"_links":{"self":[{"href":"http:\/\/deelo.de\/index.php\/wp-json\/wp\/v2\/pages\/315","targetHints":{"allow":["GET"]}}],"collection":[{"href":"http:\/\/deelo.de\/index.php\/wp-json\/wp\/v2\/pages"}],"about":[{"href":"http:\/\/deelo.de\/index.php\/wp-json\/wp\/v2\/types\/page"}],"author":[{"embeddable":true,"href":"http:\/\/deelo.de\/index.php\/wp-json\/wp\/v2\/users\/1"}],"replies":[{"embeddable":true,"href":"http:\/\/deelo.de\/index.php\/wp-json\/wp\/v2\/comments?post=315"}],"version-history":[{"count":3,"href":"http:\/\/deelo.de\/index.php\/wp-json\/wp\/v2\/pages\/315\/revisions"}],"predecessor-version":[{"id":318,"href":"http:\/\/deelo.de\/index.php\/wp-json\/wp\/v2\/pages\/315\/revisions\/318"}],"wp:attachment":[{"href":"http:\/\/deelo.de\/index.php\/wp-json\/wp\/v2\/media?parent=315"}],"curies":[{"name":"wp","href":"https:\/\/api.w.org\/{rel}","templated":true}]}}