{"id":323,"date":"2009-06-25T16:34:38","date_gmt":"2009-06-25T15:34:38","guid":{"rendered":"http:\/\/deelo.de\/wp\/index.php\/regenbogenbruecke\/benny\/"},"modified":"2009-06-27T17:45:09","modified_gmt":"2009-06-27T16:45:09","slug":"benny","status":"publish","type":"page","link":"http:\/\/deelo.de\/index.php\/regenbogenbruecke\/benny\/","title":{"rendered":"Benny"},"content":{"rendered":"<p style=\"text-align: center;\">[nggallery id=5]<\/p>\n<p style=\"text-align: center;\">B E N N Y<\/p>\n<p style=\"text-align: center;\">gestorben am: 24.06.2009<\/p>\n<table style=\"text-align: center;\" border=\"0\" cellspacing=\"0\" cellpadding=\"0\" width=\"100%\">\n<tbody>\n<tr>\n<td width=\"100%\" valign=\"top\"><span>\u00a0&#8222;Brief jenseits vom Regenbogenland&#8220;<\/p>\n<p>Du warst bei mir bis zum Ende.<br \/>\nUnd auch nachdem ich schon gegangen war,<br \/>\nhast du mich noch eine Weile gehalten.<br \/>\nIch sah dich weinen.<br \/>\nIch w\u00fcrde dir so gerne sagen, dass ich alles verstanden habe.<br \/>\nDu hast diese letzte Entscheidung nur f\u00fcr mich gef\u00e4llt.<br \/>\nUnd sie war weise.<\/p>\n<p>Es war Zeit f\u00fcr mich zu gehen.<br \/>\nIch danke dir f\u00fcr dein Verst\u00e4ndnis.<br \/>\nNiemand wird meinen Platz einnehmen.<br \/>\nAber die, die nach mir kommen, brauchen die Liebe und Zuneigung<br \/>\nso, wie ich sie hatte.<\/p>\n<p>Du denkst immer an mich.<br \/>\nDas sind Momente, wo du so unendlich traurig bist.<br \/>\nBitte, denk nicht voller Trauer zur\u00fcck.<br \/>\nDenke nur daran wie gl\u00fccklich wir waren.<\/p>\n<p>Und wenn die n\u00e4chsten Wegbegleiter dich f\u00fcr immer verlassen m\u00fcssen,<br \/>\ndann werde ich an der Regenbogenbr\u00fccke auf sie warten.<br \/>\nIch werde ihnen danken, dass auch sie dich gl\u00fccklich machten.<br \/>\nUnd ich werde auf sie aufpassen &#8211; f\u00fcr Dich!<\/p>\n<p>Ich danke dir daf\u00fcr, dass<\/p>\n<p>Du mich geliebt hast<br \/>\nDu f\u00fcr mich gesorgt hast<br \/>\nund Du den Mut hattest<br \/>\nmich mit W\u00fcrde gehen zu lassen.<\/p>\n<p>Dein treuer Wegbegleiter<\/p>\n<p><\/span><\/td>\n<\/tr>\n<\/tbody>\n<\/table>\n","protected":false},"excerpt":{"rendered":"<p>[nggallery id=5] B E N N Y gestorben am: 24.06.2009 \u00a0&#8222;Brief jenseits vom Regenbogenland&#8220; Du warst bei mir bis zum Ende. Und auch nachdem ich &hellip; <\/p>\n","protected":false},"author":1,"featured_media":0,"parent":315,"menu_order":0,"comment_status":"open","ping_status":"open","template":"","meta":{"footnotes":""},"class_list":["post-323","page","type-page","status-publish","hentry"],"_links":{"self":[{"href":"http:\/\/deelo.de\/index.php\/wp-json\/wp\/v2\/pages\/323","targetHints":{"allow":["GET"]}}],"collection":[{"href":"http:\/\/deelo.de\/index.php\/wp-json\/wp\/v2\/pages"}],"about":[{"href":"http:\/\/deelo.de\/index.php\/wp-json\/wp\/v2\/types\/page"}],"author":[{"embeddable":true,"href":"http:\/\/deelo.de\/index.php\/wp-json\/wp\/v2\/users\/1"}],"replies":[{"embeddable":true,"href":"http:\/\/deelo.de\/index.php\/wp-json\/wp\/v2\/comments?post=323"}],"version-history":[{"count":3,"href":"http:\/\/deelo.de\/index.php\/wp-json\/wp\/v2\/pages\/323\/revisions"}],"predecessor-version":[{"id":326,"href":"http:\/\/deelo.de\/index.php\/wp-json\/wp\/v2\/pages\/323\/revisions\/326"}],"up":[{"embeddable":true,"href":"http:\/\/deelo.de\/index.php\/wp-json\/wp\/v2\/pages\/315"}],"wp:attachment":[{"href":"http:\/\/deelo.de\/index.php\/wp-json\/wp\/v2\/media?parent=323"}],"curies":[{"name":"wp","href":"https:\/\/api.w.org\/{rel}","templated":true}]}}